{"id":295,"date":"2020-05-18T23:53:52","date_gmt":"2020-05-18T21:53:52","guid":{"rendered":"http:\/\/dev.steinsaeulen.ch\/?page_id=295"},"modified":"2025-12-24T11:16:49","modified_gmt":"2025-12-24T10:16:49","slug":"agb","status":"publish","type":"page","link":"https:\/\/www.steinsaeulen.ch\/de\/agb\/","title":{"rendered":"Allgemeine Auftragsbedingungen \/ Standard Verkaufs- und Lieferbedingungen \/ Rechtliches"},"content":{"rendered":"\n<p><strong>Allgemeines<br><\/strong>F\u00fcr alle Lieferungen und Leistungen gelten unsere AGB. Wenn Sie eine Bestellung endg\u00fcltig abgeschickt haben, ist diese verbindlich.<\/p>\n\n\n\n<p>Die Darstellung der Produkte im&nbsp;Online-Shop&nbsp;stellt kein rechtlich bindendes Angebot, sondern einen unverbindlichen Online-Katalog dar. Durch Anklicken des Buttons &#171;Kaufen&#187; geben Sie eine verbindliche Bestellung der im Warenkorb enthaltenen Waren ab. Die Best\u00e4tigung des Eingangs der Bestellung folgt unmittelbar nach dem Absenden der Bestellung automatisiert und stellt noch keine Vertragsannahme dar. Die Annahme der Bestellung (Vertragsabschluss) erfolgt erst durch die \u00dcbersendung der Ware.<\/p>\n\n\n\n<p>Wir speichern den Vertragstext und senden Ihnen die Bestelldaten per E-Mail zu. Die&nbsp;Allgemeinen Gesch\u00e4ftsbedingungen&nbsp;(AGB) k\u00f6nnen Sie jederzeit&nbsp;einsehen.<\/p>\n\n\n\n<p>Die Vertragssprache ist Deutsch.<\/p>\n\n\n\n<p><strong>Liefergebiet<br><\/strong>Lieferungen nur innerhalb der Schweiz und Liechtenstein.<\/p>\n\n\n\n<p><strong>Lieferzeit<br><\/strong>Die Lieferungen erfolgen in der Regel innert 4-21 Arbeitstagen. Sollten wir einen Artikel nicht an Lager verf\u00fcgbar haben, teilen wir Ihnen so rasch als m\u00f6glich mit, wann mit der Lieferung zu rechnen ist. Die Lieferung erfolgt auf Gefahr des Empf\u00e4ngers.<\/p>\n\n\n\n<p><strong>Mindestbestellwert<br><\/strong>Es gibt keinen Mindestbestellwert.<\/p>\n\n\n\n<p><strong>Versandkosten<br><\/strong>Die Versandkosten werden bei Bestellung ausgewiesen.<\/p>\n\n\n\n<p><strong>Versandpartner<br><\/strong>Die Lieferungen werden mit dem gew\u00e4hlten Versandpartner geliefert. Bitte w\u00e4hlen Sie die Versandadresse so, dass jemand das Paket in Empfang nehmen kann.<\/p>\n\n\n\n<p><strong>Preise<br><\/strong>Alle Preise verstehen sich in Schweizer Franken (CHF), inklusive der gesetzlichen MwSt.<\/p>\n\n\n\n<p><strong>Zahlungskonditionen<br><\/strong>Lieferungen erfolgen gegen Kreditkartenzahlung (Master Card, Visa Card, American Express, JCB), Vorkasse oder Barzahlung bei Abholung.<\/p>\n\n\n\n<p><strong>Beanstandungen<br><\/strong>Beanstandungen wegen M\u00e4ngeln oder wegen unvollst\u00e4ndiger oder unrichtiger Lieferung sind uns unverz\u00fcglich, sp\u00e4testens 14 Tage ab Lieferdatum schriftlich mitzuteilen.<\/p>\n\n\n\n<p><strong>Widerrufsrecht<br><\/strong>Sie haben das Recht, binnen vierzehn Tagen ohne Angabe von Gr\u00fcnden diesen Vertrag zu widerrufen.<\/p>\n\n\n\n<p>Die Widerrufsfrist betr\u00e4gt vierzehn Tage ab dem Tag an dem Sie oder ein von Ihnen benannter Dritter, der nicht der Bef\u00f6rderer ist, die Waren in Besitz genommen haben bzw. hat.<\/p>\n\n\n\n<p>Um Ihr Widerrufsrecht auszu\u00fcben, m\u00fcssen Sie uns (IZIMPA GmbH, Kirchsteig 3, 8280 Kreuzlingen, E-Mail-Adresse: info@steinsaeulen.ch) mittels einer eindeutigen Erkl\u00e4rung (z.B. ein mit der Post versandter Brief oder E-Mail) \u00fcber Ihren Entschluss, diesen Vertrag zu widerrufen, informieren.<\/p>\n\n\n\n<p>Zur Wahrung der Widerrufsfrist reicht es aus, dass Sie die Mitteilung \u00fcber die Aus\u00fcbung des Widerrufsrechts vor Ablauf der Widerrufsfrist absenden<\/p>\n\n\n\n<p><strong>Folgen des Widerrufs<br><\/strong>Wenn Sie diesen Vertrag widerrufen, haben wir Ihnen alle Zahlungen, die wir von Ihnen erhalten haben, unverz\u00fcglich und sp\u00e4testens binnen vierzehn Tagen ab dem Tag zur\u00fcckzuzahlen, an dem die R\u00fccksendung bei uns eingegangen ist. F\u00fcr diese R\u00fcckzahlung verwenden wir dasselbe Zahlungsmittel, das Sie bei der urspr\u00fcnglichen Transaktion eingesetzt haben, es sei denn, mit Ihnen wurde ausdr\u00fccklich etwas anderes vereinbart; in keinem Fall werden Ihnen wegen dieser R\u00fcckzahlung Entgelte berechnet.<\/p>\n\n\n\n<p>Wir k\u00f6nnen die R\u00fcckzahlung verweigern, bis wir die Waren wieder zur\u00fcckerhalten haben oder bis Sie den Nachweis erbracht haben, dass Sie die Waren zur\u00fcckgesandt haben, je nachdem, welches der fr\u00fchere Zeitpunkt ist.<\/p>\n\n\n\n<p>Sie haben die Waren unverz\u00fcglich und in jedem Fall sp\u00e4testens binnen vierzehn Tagen ab dem Tag, an dem Sie uns \u00fcber den Widerruf dieses Vertrages unterrichten, an uns zur\u00fcckzusenden oder zu \u00fcbergeben. Die Frist ist gewahrt, wenn Sie die Waren vor Ablauf der Frist von vierzehn Tagen absenden. Sie tragen die unmittelbaren Kosten der R\u00fccksendung der Waren. Die R\u00fccksendung der Ware bitte an:<\/p>\n\n\n\n<p>IZIMPA GmbH, Kirchsteig 3, 8280 Kreuzlingen<\/p>\n\n\n\n<p>Sie m\u00fcssen f\u00fcr einen etwaigen Wertverlust der Waren nur aufkommen, wenn dieser Wertverlust auf einen zur Pr\u00fcfung der Beschaffenheit, Eigenschaften und Funktionsweise der Waren nicht notwendigen Umgang mit ihnen zur\u00fcckzuf\u00fchren ist.<\/p>\n\n\n\n<p><strong>Eigentumsvorbehalt<br><\/strong>Bis zur vollst\u00e4ndigen Zahlung bleibt die Ware Eigentum der IZIMPA GmbH.<\/p>\n\n\n\n<p><strong>Schadenersatz<br><\/strong>Schadenersatzanspr\u00fcche wegen Fehlern in Abbildungen, Preisen und Texten oder wegen versp\u00e4teter und unterbliebener Lieferung bleiben strikt ausgeschlossen.&nbsp;<strong>Die Farbe der im Online Shop abgebildeten Produkte kann von der tats\u00e4chlichen Produktfarbe abweichen.<\/strong><\/p>\n\n\n\n<p><strong>Datenschutz<br><\/strong>Die f\u00fcr die Gesch\u00e4ftsabwicklung notwendigen Daten werden selbstverst\u00e4ndlich vertraulich behandelt.<\/p>\n\n\n\n<p><strong>Kontakt<br><\/strong>Unsere Anschrift f\u00fcr Beanstandungen und sonstige Willenserkl\u00e4rungen sowie unsere ladungsf\u00e4hige Anschrift lautet:<\/p>\n\n\n\n<p>IZIMPA GmbH<br>Kirchsteig 3<br>8280 Kreuzlingen<br>Schweiz<\/p>\n\n<div class=\"woocommerce woocommerce-gzd woocommerce-gzd-complaints-shortcode\">\n\t\t\t<h3>Alternative Dispute Resolution in accordance with Art. 14 (1) ODR-VO and \u00a7 36 VSBG:<\/h3>\n\t\nZur Teilnahme an einem Streitbeilegungsverfahren vor einer Verbraucherschlichtungsstelle sind wir nicht verpflichtet und nicht bereit.<\/div>\n","protected":false},"excerpt":{"rendered":"<p>AllgemeinesF\u00fcr alle Lieferungen und Leistungen gelten unsere AGB. Wenn Sie eine Bestellung endg\u00fcltig abgeschickt haben, ist diese verbindlich. Die Darstellung der Produkte im&nbsp;Online-Shop&nbsp;stellt kein rechtlich bindendes Angebot, sondern einen unverbindlichen Online-Katalog dar. Durch Anklicken des Buttons &#171;Kaufen&#187; geben Sie eine verbindliche Bestellung der im Warenkorb enthaltenen Waren ab. Die Best\u00e4tigung des Eingangs der Bestellung folgt [&hellip;]<\/p>\n","protected":false},"author":1,"featured_media":0,"parent":0,"menu_order":0,"comment_status":"closed","ping_status":"closed","template":"template-fullwidth.php","meta":{"footnotes":""},"class_list":["post-295","page","type-page","status-publish","hentry"],"_links":{"self":[{"href":"https:\/\/www.steinsaeulen.ch\/de\/wp-json\/wp\/v2\/pages\/295","targetHints":{"allow":["GET"]}}],"collection":[{"href":"https:\/\/www.steinsaeulen.ch\/de\/wp-json\/wp\/v2\/pages"}],"about":[{"href":"https:\/\/www.steinsaeulen.ch\/de\/wp-json\/wp\/v2\/types\/page"}],"author":[{"embeddable":true,"href":"https:\/\/www.steinsaeulen.ch\/de\/wp-json\/wp\/v2\/users\/1"}],"replies":[{"embeddable":true,"href":"https:\/\/www.steinsaeulen.ch\/de\/wp-json\/wp\/v2\/comments?post=295"}],"version-history":[{"count":0,"href":"https:\/\/www.steinsaeulen.ch\/de\/wp-json\/wp\/v2\/pages\/295\/revisions"}],"wp:attachment":[{"href":"https:\/\/www.steinsaeulen.ch\/de\/wp-json\/wp\/v2\/media?parent=295"}],"curies":[{"name":"wp","href":"https:\/\/api.w.org\/{rel}","templated":true}]}}