{"id":469,"date":"2020-05-22T16:08:57","date_gmt":"2020-05-22T14:08:57","guid":{"rendered":"http:\/\/dev.steinsaeulen.ch\/?page_id=469"},"modified":"2025-08-13T12:10:12","modified_gmt":"2025-08-13T10:10:12","slug":"aufbauanleitung","status":"publish","type":"page","link":"https:\/\/www.steinsaeulen.ch\/de\/aufbauanleitung\/","title":{"rendered":"Aufbauanleitung"},"content":{"rendered":"\n<div class=\"wp-block-file\"><a href=\"https:\/\/steinsaeulen.ch\/wp-content\/uploads\/2020\/05\/Aufbauen.pdf\">Hier k\u00f6nnen sie die Aufbauanleitung herunterladen:<\/a><a href=\"https:\/\/steinsaeulen.ch\/wp-content\/uploads\/2020\/05\/Aufbauen.pdf\" class=\"wp-block-file__button\" download>Herunterladen<\/a><\/div>\n\n\n\n<div class=\"wp-block-columns is-layout-flex wp-container-core-columns-is-layout-28f84493 wp-block-columns-is-layout-flex\">\n<div class=\"wp-block-column is-layout-flow wp-block-column-is-layout-flow\">\n<h2 class=\"wp-block-heading\">Schritt 1:<\/h2>\n\n\n\n<p>Heben Sie ein ausreichend gro\u00dfes Loch an der<br>gew\u00fcnschten Stelle aus, an der die S\u00e4ule sp\u00e4ter stehen soll.<br>Wir empfehlen ein Fundament mit den Ma\u00dfen 30 x 30 x 30 cm f\u00fcr unsere S\u00e4ulen mit den dem Durchmesser von 12 cm. Breitere und gr\u00f6ssere S\u00e4ulen ben\u00f6tigen ein entsprechend gr\u00f6sseres Fundament.<\/p>\n\n\n\n<div class=\"wp-block-image is-style-default\"><figure class=\"aligncenter size-large\"><a href=\"https:\/\/steinsaeulen.ch\/wp-content\/uploads\/2021\/05\/Aufbau-Skizze-1.jpg\"><img data-dominant-color=\"bebcb5\" data-has-transparency=\"false\" style=\"--dominant-color: #bebcb5;\" decoding=\"async\" src=\"https:\/\/steinsaeulen.ch\/wp-content\/uploads\/2021\/05\/Aufbau-Skizze-1.jpg\" alt=\"\" class=\"wp-image-3278 not-transparent\"\/><\/a><\/figure><\/div>\n\n\n\n<p>Schlie\u00dfen Sie die S\u00e4ule an die Zuleitung an. Passende Anschlussteile gibt es im Baumarkt.<\/p>\n\n\n\n<h2 class=\"wp-block-heading\">Schritt  2:<\/h2>\n\n\n\n<p>Befestigen Sie mit Hilfe von Schraubzwingen zwei Holzleisten an der S\u00e4ule. So k\u00f6nnen Sie den Stein \u00fcber das Loch stellen und die gew\u00fcnschte H\u00f6he justieren.<br>Wir empfehlen, die S\u00e4ule etwa 5-10 cm in den Beton zu setzen.<br>Bedenken Sie, dass sie etwas Raum berechnen, um sp\u00e4ter Boden \u00fcber das Fundament f\u00fcllen zu k\u00f6nnen!<\/p>\n\n\n\n<div class=\"wp-block-image is-style-default\"><figure class=\"aligncenter size-large\"><a href=\"https:\/\/steinsaeulen.ch\/wp-content\/uploads\/2021\/05\/Aufbau-Skizze-2.jpg\"><img data-dominant-color=\"b1afa9\" data-has-transparency=\"false\" style=\"--dominant-color: #b1afa9;\" decoding=\"async\" src=\"https:\/\/steinsaeulen.ch\/wp-content\/uploads\/2021\/05\/Aufbau-Skizze-2.jpg\" alt=\"\" class=\"wp-image-3280 not-transparent\"\/><\/a><\/figure><\/div>\n\n\n\n<p>Richten Sie die S\u00e4ule mit einer Wasserwaage senkrecht aus und fixieren Sie sie dann zus\u00e4tzlich seitlich und nach hinten mit weiteren Holzleisten, damit sie sicher steht.<br>Nun k\u00f6nnen Sie das Erdloch mit Beton ausgie\u00dfen.<br>Bitte lassen Sie die S\u00e4ule in diesem Zustand mindestens zwei Tage stehen, bis der Beton ausreichend angeh\u00e4rtet ist. So wird verhindert, dass die S\u00e4ule sich nachtr\u00e4glich verschiebt oder absackt.<\/p>\n\n\n\n<h2 class=\"wp-block-heading\">Schritt 3:<\/h2>\n\n\n\n<p>Nun k\u00f6nnen Sie die St\u00fctzleisten vorsichtig abnehmen, die S\u00e4ule m\u00fcsste nun standfest sein.<br>Jetzt kann das Fundament mit Boden, Kies, oder \u00e4hnlichem bedeckt werden.<\/p>\n\n\n\n<div class=\"wp-block-image is-style-default\"><figure class=\"aligncenter size-large\"><a href=\"https:\/\/steinsaeulen.ch\/wp-content\/uploads\/2021\/05\/Aufbau-Skizze-3.jpg\"><img data-dominant-color=\"b5b3ae\" data-has-transparency=\"false\" style=\"--dominant-color: #b5b3ae;\" decoding=\"async\" src=\"https:\/\/steinsaeulen.ch\/wp-content\/uploads\/2021\/05\/Aufbau-Skizze-3.jpg\" alt=\"\" class=\"wp-image-3282 not-transparent\"\/><\/a><\/figure><\/div>\n\n\n\n<p>Sie k\u00f6nnen die Zapfs\u00e4ule nat\u00fcrlich auch in eine Pflasterfl\u00e4che stellen. Dabei muss aber das Fundament dementsprechend tiefer gesetzt werden, damit die Pflastersteine wieder b\u00fcndig angearbeitet werden k\u00f6nnen.<br>Hinweis:<br>Bitte denken Sie daran, dass elektronische Anschl\u00fcsse z.B. bei Gartensteckdosen immer von einer Fachperson durchgef\u00fchrt werden sollten!<\/p>\n<\/div>\n\n\n\n<div class=\"wp-block-column is-layout-flow wp-block-column-is-layout-flow\">\n<h2 class=\"wp-block-heading\">Beispiel mit Schnellzement<\/h2>\n\n\n\n<p>Wir haben hier einen Aufbau mit Fotos begleitet, der mit Schnellzement ausgef\u00fchrt wurde. Der Vorteil von Schnellzement ist die kurze Abbindezeit, so dass eine St\u00fctzkonstruktion ggf. nicht notwendig ist.<\/p>\n\n\n\n<figure class=\"wp-block-image size-large is-style-default\"><a href=\"https:\/\/steinsaeulen.ch\/wp-content\/uploads\/2021\/05\/IMG_20200620_111602.jpg\"><img data-dominant-color=\"626b54\" data-has-transparency=\"false\" style=\"--dominant-color: #626b54;\" decoding=\"async\" src=\"https:\/\/steinsaeulen.ch\/wp-content\/uploads\/2021\/05\/IMG_20200620_111602.jpg\" alt=\"\" class=\"wp-image-3256 not-transparent\"\/><\/a><figcaption>Bereiten Sie den Wasseranschluss vor, beachten Sie dabei entsprechende Tiefen und Lagen, um sowohl bei Frost, als auch versehentlichen Spatenstichen keine Probleme zu bekommen.<\/figcaption><\/figure>\n\n\n\n<figure class=\"wp-block-image size-large is-style-default\"><a href=\"https:\/\/steinsaeulen.ch\/wp-content\/uploads\/2021\/05\/IMG_20200620_111604.jpg\"><img data-dominant-color=\"706b56\" data-has-transparency=\"false\" style=\"--dominant-color: #706b56;\" decoding=\"async\" src=\"https:\/\/steinsaeulen.ch\/wp-content\/uploads\/2021\/05\/IMG_20200620_111604.jpg\" alt=\"\" class=\"wp-image-3258 not-transparent\"\/><\/a><\/figure>\n\n\n\n<figure class=\"wp-block-image size-large is-style-default\"><a href=\"https:\/\/steinsaeulen.ch\/wp-content\/uploads\/2021\/05\/IMG_20200620_111719-rotated.jpg\"><img data-dominant-color=\"686964\" data-has-transparency=\"false\" style=\"--dominant-color: #686964;\" decoding=\"async\" src=\"https:\/\/steinsaeulen.ch\/wp-content\/uploads\/2021\/05\/IMG_20200620_111719-rotated.jpg\" alt=\"\" class=\"wp-image-3260 not-transparent\"\/><\/a><\/figure>\n\n\n\n<figure class=\"wp-block-image size-large is-style-default\"><a href=\"https:\/\/steinsaeulen.ch\/wp-content\/uploads\/2021\/05\/IMG_20200620_111727.jpg\"><img data-dominant-color=\"7d5044\" data-has-transparency=\"false\" style=\"--dominant-color: #7d5044;\" decoding=\"async\" src=\"https:\/\/steinsaeulen.ch\/wp-content\/uploads\/2021\/05\/IMG_20200620_111727.jpg\" alt=\"\" class=\"wp-image-3262 not-transparent\"\/><\/a><figcaption>Denken Sie an das abdichten des Hahns und des Wasseranschlusses!<\/figcaption><\/figure>\n\n\n\n<figure class=\"wp-block-image size-large is-style-default\"><a href=\"https:\/\/steinsaeulen.ch\/wp-content\/uploads\/2021\/05\/IMG_20200620_111827.jpg\"><img data-dominant-color=\"918c88\" data-has-transparency=\"false\" style=\"--dominant-color: #918c88;\" decoding=\"async\" src=\"https:\/\/steinsaeulen.ch\/wp-content\/uploads\/2021\/05\/IMG_20200620_111827.jpg\" alt=\"\" class=\"wp-image-3264 not-transparent\"\/><\/a><figcaption>Anschliessend den Hahn bereits einschrauben.<\/figcaption><\/figure>\n\n\n\n<figure class=\"wp-block-image size-large is-style-default\"><a href=\"https:\/\/steinsaeulen.ch\/wp-content\/uploads\/2021\/05\/IMG_20200620_112040.jpg\"><img data-dominant-color=\"636a5b\" data-has-transparency=\"false\" style=\"--dominant-color: #636a5b;\" decoding=\"async\" src=\"https:\/\/steinsaeulen.ch\/wp-content\/uploads\/2021\/05\/IMG_20200620_112040.jpg\" alt=\"\" class=\"wp-image-3266 not-transparent\"\/><\/a><figcaption>Ebenso den Wasseranschluss unten.<\/figcaption><\/figure>\n\n\n\n<figure class=\"wp-block-image size-large is-style-default\"><a href=\"https:\/\/steinsaeulen.ch\/wp-content\/uploads\/2021\/05\/IMG_20200620_112127.jpg\"><img data-dominant-color=\"5e625c\" data-has-transparency=\"false\" style=\"--dominant-color: #5e625c;\" decoding=\"async\" src=\"https:\/\/steinsaeulen.ch\/wp-content\/uploads\/2021\/05\/IMG_20200620_112127.jpg\" alt=\"\" class=\"wp-image-3268 not-transparent\"\/><\/a><figcaption>Testen Sie die Dichtigkeit, sowohl des Hahns als auch des Anschlusses. Wenn sie keinen Zeitdruck haben auch eine l\u00e4ngere Dauer.<\/figcaption><\/figure>\n\n\n\n<figure class=\"wp-block-image size-large is-style-default\"><a href=\"https:\/\/steinsaeulen.ch\/wp-content\/uploads\/2021\/05\/IMG_20200620_112520.jpg\"><img data-dominant-color=\"6b6857\" data-has-transparency=\"false\" style=\"--dominant-color: #6b6857;\" decoding=\"async\" src=\"https:\/\/steinsaeulen.ch\/wp-content\/uploads\/2021\/05\/IMG_20200620_112520.jpg\" alt=\"\" class=\"wp-image-3270 not-transparent\"\/><\/a><figcaption>Hier wird Schnellzement verwendet, dieser ist nach kurzer Zeit so fest, dass keine St\u00fctzkonstruktion ben\u00f6tigt wird.<\/figcaption><\/figure>\n\n\n\n<figure class=\"wp-block-image size-large is-style-default\"><a href=\"https:\/\/steinsaeulen.ch\/wp-content\/uploads\/2021\/05\/IMG_20200620_112659.jpg\"><img data-dominant-color=\"6f6c59\" data-has-transparency=\"false\" style=\"--dominant-color: #6f6c59;\" decoding=\"async\" src=\"https:\/\/steinsaeulen.ch\/wp-content\/uploads\/2021\/05\/IMG_20200620_112659.jpg\" alt=\"\" class=\"wp-image-3272 not-transparent\"\/><\/a><figcaption>Die S\u00e4ule kann jetzt ausgerichtet werden. Bei Schnellzement mussf\u00fcr ein paar Minuten die S\u00e4ule in ihrer Position gehalten werden.<\/figcaption><\/figure>\n\n\n\n<figure class=\"wp-block-image size-large is-style-default\"><a href=\"https:\/\/steinsaeulen.ch\/wp-content\/uploads\/2021\/05\/IMG_20200620_114932.jpg\"><img data-dominant-color=\"576648\" data-has-transparency=\"false\" style=\"--dominant-color: #576648;\" decoding=\"async\" src=\"https:\/\/steinsaeulen.ch\/wp-content\/uploads\/2021\/05\/IMG_20200620_114932.jpg\" alt=\"\" class=\"wp-image-3274 not-transparent\"\/><\/a><\/figure>\n\n\n\n<figure class=\"wp-block-image size-large is-style-default\"><a href=\"https:\/\/steinsaeulen.ch\/wp-content\/uploads\/2021\/05\/IMG_20200620_114941.jpg\"><img data-dominant-color=\"646d4e\" data-has-transparency=\"false\" style=\"--dominant-color: #646d4e;\" decoding=\"async\" src=\"https:\/\/steinsaeulen.ch\/wp-content\/uploads\/2021\/05\/IMG_20200620_114941.jpg\" alt=\"\" class=\"wp-image-3276 not-transparent\"\/><\/a><\/figure>\n\n\n\n<p><\/p>\n<\/div>\n<\/div>\n","protected":false},"excerpt":{"rendered":"<p>Schritt 1: Heben Sie ein ausreichend gro\u00dfes Loch an dergew\u00fcnschten Stelle aus, an der die S\u00e4ule sp\u00e4ter stehen soll.Wir empfehlen ein Fundament mit den Ma\u00dfen 30 x 30 x 30 cm f\u00fcr unsere S\u00e4ulen mit den dem Durchmesser von 12 cm. Breitere und gr\u00f6ssere S\u00e4ulen ben\u00f6tigen ein entsprechend gr\u00f6sseres Fundament. Schlie\u00dfen Sie die S\u00e4ule an [&hellip;]<\/p>\n","protected":false},"author":1,"featured_media":0,"parent":0,"menu_order":0,"comment_status":"closed","ping_status":"closed","template":"template-fullwidth.php","meta":{"footnotes":""},"class_list":["post-469","page","type-page","status-publish","hentry"],"_links":{"self":[{"href":"https:\/\/www.steinsaeulen.ch\/de\/wp-json\/wp\/v2\/pages\/469","targetHints":{"allow":["GET"]}}],"collection":[{"href":"https:\/\/www.steinsaeulen.ch\/de\/wp-json\/wp\/v2\/pages"}],"about":[{"href":"https:\/\/www.steinsaeulen.ch\/de\/wp-json\/wp\/v2\/types\/page"}],"author":[{"embeddable":true,"href":"https:\/\/www.steinsaeulen.ch\/de\/wp-json\/wp\/v2\/users\/1"}],"replies":[{"embeddable":true,"href":"https:\/\/www.steinsaeulen.ch\/de\/wp-json\/wp\/v2\/comments?post=469"}],"version-history":[{"count":0,"href":"https:\/\/www.steinsaeulen.ch\/de\/wp-json\/wp\/v2\/pages\/469\/revisions"}],"wp:attachment":[{"href":"https:\/\/www.steinsaeulen.ch\/de\/wp-json\/wp\/v2\/media?parent=469"}],"curies":[{"name":"wp","href":"https:\/\/api.w.org\/{rel}","templated":true}]}}