{"id":80,"date":"2020-05-15T19:04:25","date_gmt":"2020-05-15T17:04:25","guid":{"rendered":"http:\/\/dev.steinsaeulen.ch\/unkategorisiert\/wasserzapfsaeule-granit-breit-geflammt\/"},"modified":"2026-01-17T15:15:41","modified_gmt":"2026-01-17T14:15:41","slug":"wasserzapfsaeule-granit-grau-breit-geflammt","status":"publish","type":"product","link":"https:\/\/www.steinsaeulen.ch\/fr\/produkt\/wasserzapfsaeule-granit-grau-breit-geflammt\/","title":{"rendered":"Wasserzapfs\u00e4ule Granit grau breit geflammt"},"content":{"rendered":"","protected":false},"excerpt":{"rendered":"<p>Wasserzapfs\u00e4ule aus Granit mit geflammter Oberfl\u00e4che<\/p>\n<p>Form und Farbe k\u00f6nnen aufgrund des Natursteins der Wasserzapf-Palisade leicht von den Bildern abweichen.<\/p>\n<p>Gewicht der Wasserzapfstele incl Verpackung: ca. 65 kg<\/p>\n<p>Masse: 10 x 25 x 100 cm + ca. 20 cm Metallst\u00e4be<\/p>\n<p><a href=\"https:\/\/www.steinsaeulen.ch\/de\/aufbauanleitung\/\">Link zur Aufbauanleitung<\/a><\/p>\n","protected":false},"featured_media":1756,"template":"","meta":[],"product_brand":[],"product_cat":[24],"product_tag":[],"woo-feed-brand":[],"class_list":{"0":"post-80","1":"product","2":"type-product","3":"status-publish","4":"has-post-thumbnail","6":"product_cat-wasserzapfsaeulen","7":"product_shipping_class-ab-30-kg","8":"pa_stein-granit","9":"pa_steinverarbeitung-geflammt","11":"first","12":"instock","13":"taxable","14":"shipping-taxable","15":"purchasable","16":"product-type-simple"},"_links":{"self":[{"href":"https:\/\/www.steinsaeulen.ch\/fr\/wp-json\/wp\/v2\/product\/80","targetHints":{"allow":["GET"]}}],"collection":[{"href":"https:\/\/www.steinsaeulen.ch\/fr\/wp-json\/wp\/v2\/product"}],"about":[{"href":"https:\/\/www.steinsaeulen.ch\/fr\/wp-json\/wp\/v2\/types\/product"}],"wp:featuredmedia":[{"embeddable":true,"href":"https:\/\/www.steinsaeulen.ch\/fr\/wp-json\/wp\/v2\/media\/1756"}],"wp:attachment":[{"href":"https:\/\/www.steinsaeulen.ch\/fr\/wp-json\/wp\/v2\/media?parent=80"}],"wp:term":[{"taxonomy":"product_brand","embeddable":true,"href":"https:\/\/www.steinsaeulen.ch\/fr\/wp-json\/wp\/v2\/product_brand?post=80"},{"taxonomy":"product_cat","embeddable":true,"href":"https:\/\/www.steinsaeulen.ch\/fr\/wp-json\/wp\/v2\/product_cat?post=80"},{"taxonomy":"product_tag","embeddable":true,"href":"https:\/\/www.steinsaeulen.ch\/fr\/wp-json\/wp\/v2\/product_tag?post=80"},{"taxonomy":"woo-feed-brand","embeddable":true,"href":"https:\/\/www.steinsaeulen.ch\/fr\/wp-json\/wp\/v2\/woo-feed-brand?post=80"}],"curies":[{"name":"wp","href":"https:\/\/api.w.org\/{rel}","templated":true}]}}