{"id":86,"date":"2020-05-15T19:04:25","date_gmt":"2020-05-15T17:04:25","guid":{"rendered":"http:\/\/dev.steinsaeulen.ch\/unkategorisiert\/wasserzapfsaeule-basalt-breit-geflammt\/"},"modified":"2026-01-17T15:15:59","modified_gmt":"2026-01-17T14:15:59","slug":"wasserzapfsaeule-basalt-breit-geflammt","status":"publish","type":"product","link":"https:\/\/www.steinsaeulen.ch\/fr\/produkt\/wasserzapfsaeule-basalt-breit-geflammt\/","title":{"rendered":"Wasserzapfs\u00e4ule Basalt breit geflammt"},"content":{"rendered":"","protected":false},"excerpt":{"rendered":"<p>Wasserzapfs\u00e4ule aus Basalt mit geflammter Oberfl\u00e4che.<\/p>\n<p>Form und Farbe k\u00f6nnen aufgrund des Natursteins unserer Wasserzapfpalisaden leicht von den Bildern abweichen.<\/p>\n<p>Gewicht der Wasserzapfstele incl Verpackung: ca. 65 kg<\/p>\n<p>Masse: 8 x 25 x 100 cm + ca. 20 cm Metallst\u00e4be<\/p>\n<p><a href=\"https:\/\/www.steinsaeulen.ch\/de\/aufbauanleitung\/\">Link zur Aufbauanleitung<\/a><\/p>\n","protected":false},"featured_media":452,"template":"","meta":[],"product_brand":[],"product_cat":[24],"product_tag":[],"woo-feed-brand":[],"class_list":{"0":"post-86","1":"product","2":"type-product","3":"status-publish","4":"has-post-thumbnail","6":"product_cat-wasserzapfsaeulen","7":"product_shipping_class-ab-30-kg","8":"pa_stein-basalt","9":"pa_steinverarbeitung-geflammt","11":"first","12":"outofstock","13":"taxable","14":"shipping-taxable","15":"purchasable","16":"product-type-simple"},"_links":{"self":[{"href":"https:\/\/www.steinsaeulen.ch\/fr\/wp-json\/wp\/v2\/product\/86","targetHints":{"allow":["GET"]}}],"collection":[{"href":"https:\/\/www.steinsaeulen.ch\/fr\/wp-json\/wp\/v2\/product"}],"about":[{"href":"https:\/\/www.steinsaeulen.ch\/fr\/wp-json\/wp\/v2\/types\/product"}],"wp:featuredmedia":[{"embeddable":true,"href":"https:\/\/www.steinsaeulen.ch\/fr\/wp-json\/wp\/v2\/media\/452"}],"wp:attachment":[{"href":"https:\/\/www.steinsaeulen.ch\/fr\/wp-json\/wp\/v2\/media?parent=86"}],"wp:term":[{"taxonomy":"product_brand","embeddable":true,"href":"https:\/\/www.steinsaeulen.ch\/fr\/wp-json\/wp\/v2\/product_brand?post=86"},{"taxonomy":"product_cat","embeddable":true,"href":"https:\/\/www.steinsaeulen.ch\/fr\/wp-json\/wp\/v2\/product_cat?post=86"},{"taxonomy":"product_tag","embeddable":true,"href":"https:\/\/www.steinsaeulen.ch\/fr\/wp-json\/wp\/v2\/product_tag?post=86"},{"taxonomy":"woo-feed-brand","embeddable":true,"href":"https:\/\/www.steinsaeulen.ch\/fr\/wp-json\/wp\/v2\/woo-feed-brand?post=86"}],"curies":[{"name":"wp","href":"https:\/\/api.w.org\/{rel}","templated":true}]}}