{"id":87,"date":"2020-05-15T19:04:25","date_gmt":"2020-05-15T17:04:25","guid":{"rendered":"http:\/\/dev.steinsaeulen.ch\/unkategorisiert\/wasserzapfsaeule-basalt\/"},"modified":"2026-02-14T19:48:03","modified_gmt":"2026-02-14T18:48:03","slug":"wasserzapfsaeule-basalt-gespalten","status":"publish","type":"product","link":"https:\/\/www.steinsaeulen.ch\/fr\/produkt\/wasserzapfsaeule-basalt-gespalten\/","title":{"rendered":"Wasserzapfs\u00e4ule Basalt gespalten"},"content":{"rendered":"","protected":false},"excerpt":{"rendered":"<p>Wasserzapfs\u00e4ule aus gespaltenem und nachgearbeiteten Basalt<\/p>\n<p>Form und Farbe k\u00f6nnen aufgrund des Natursteins der Palisade leicht voneinander abweichen.<\/p>\n<p>Hinweis: Haarrisse oder Quarzeinschl\u00fcsse kommen bei Basalt h\u00e4ufiger als bei anderen Gesteinsarten vor, beintr\u00e4chtigen aber nicht die Funktion.<\/p>\n<p>Gewicht der Wasserzapfstele: ca. 28kg<br \/>\nGewicht mit Verpackung: ca 34 kg<\/p>\n<p>Masse: ca. 12 x 12 Gesamtl\u00e4nge: ca. 90 cm<\/p>\n<p><a href=\"https:\/\/www.steinsaeulen.ch\/de\/varianten-wasserzapfsaeulen\/\">Beispiele der verschiedenen Varianten gibt es hier.<\/a><\/p>\n<p><a href=\"https:\/\/www.steinsaeulen.ch\/de\/aufbauanleitung\/\">Link zur Aufbauanleitung<\/a><\/p>\n","protected":false},"featured_media":9382,"template":"","meta":[],"product_brand":[],"product_cat":[24],"product_tag":[],"woo-feed-brand":[],"class_list":{"0":"post-87","1":"product","2":"type-product","3":"status-publish","4":"has-post-thumbnail","6":"product_cat-wasserzapfsaeulen","7":"product_shipping_class-ab-30-kg","8":"pa_stein-basalt","9":"pa_steinverarbeitung-gespalten","11":"first","12":"instock","13":"taxable","14":"shipping-taxable","15":"purchasable","16":"product-type-variable","17":"has-default-attributes"},"_links":{"self":[{"href":"https:\/\/www.steinsaeulen.ch\/fr\/wp-json\/wp\/v2\/product\/87","targetHints":{"allow":["GET"]}}],"collection":[{"href":"https:\/\/www.steinsaeulen.ch\/fr\/wp-json\/wp\/v2\/product"}],"about":[{"href":"https:\/\/www.steinsaeulen.ch\/fr\/wp-json\/wp\/v2\/types\/product"}],"wp:featuredmedia":[{"embeddable":true,"href":"https:\/\/www.steinsaeulen.ch\/fr\/wp-json\/wp\/v2\/media\/9382"}],"wp:attachment":[{"href":"https:\/\/www.steinsaeulen.ch\/fr\/wp-json\/wp\/v2\/media?parent=87"}],"wp:term":[{"taxonomy":"product_brand","embeddable":true,"href":"https:\/\/www.steinsaeulen.ch\/fr\/wp-json\/wp\/v2\/product_brand?post=87"},{"taxonomy":"product_cat","embeddable":true,"href":"https:\/\/www.steinsaeulen.ch\/fr\/wp-json\/wp\/v2\/product_cat?post=87"},{"taxonomy":"product_tag","embeddable":true,"href":"https:\/\/www.steinsaeulen.ch\/fr\/wp-json\/wp\/v2\/product_tag?post=87"},{"taxonomy":"woo-feed-brand","embeddable":true,"href":"https:\/\/www.steinsaeulen.ch\/fr\/wp-json\/wp\/v2\/woo-feed-brand?post=87"}],"curies":[{"name":"wp","href":"https:\/\/api.w.org\/{rel}","templated":true}]}}