{"id":97,"date":"2020-05-15T19:04:26","date_gmt":"2020-05-15T17:04:26","guid":{"rendered":"http:\/\/dev.steinsaeulen.ch\/unkategorisiert\/wasserzapfsaeule-granit-grau-gestockt\/"},"modified":"2026-02-14T21:04:37","modified_gmt":"2026-02-14T20:04:37","slug":"wasserzapfsaeule-granit-grau-gestockt-gespitzt","status":"publish","type":"product","link":"https:\/\/www.steinsaeulen.ch\/fr\/produkt\/wasserzapfsaeule-granit-grau-gestockt-gespitzt\/","title":{"rendered":"Wasserzapfs\u00e4ule Granit grau gestockt &#038; gespitzt"},"content":{"rendered":"<h4>Attraktive Garten-Wasserzapfs\u00e4ule aus hochwertigem Naturstein<\/h4>\n<p>Um zu jeder Zeit im Garten Wasser aus dem Hahn zu erhalten, bildet die edle Wasserzapfs\u00e4ule den perfekten Spender. Sie besteht aus robustem grauen Granit, was eine ausgesprochen lange Lebensdauer bei gleichbleibend gutem Aussehen verspricht. Der echte Naturstein stellt mit seinem schlanken Design einen besonderen Blickfang dar und ist sehr praktisch, weil der Wasserhahn so angebracht ist, sodass f\u00fcr die Entnahme des Wassers bei normaler K\u00f6rpergr\u00f6\u00dfe ein B\u00fccken nicht erforderlich sein wird. Der Gartenbesitzer wird von der stilvollen Wasserzapfs\u00e4ule begeistert sein. Ob mit der Gie\u00dfkanne Wasser entnommen oder der Gartenschlauch f\u00fcr die Bew\u00e4sserung angeschlossen wird, die Steins\u00e4ule erweist sich als ideal.<\/p>\n<h4>Qualit\u00e4t und Ausf\u00fchrung<\/h4>\n<p>Die Oberfl\u00e4che der Vorder- und R\u00fcckseite ist gestockt. Hierdurch erh\u00e4lt die genauso zweckm\u00e4\u00dfige wie sch\u00f6ne Wasserzapfs\u00e4ule eine ebenm\u00e4\u00dfige Oberfl\u00e4che.<br \/>\nDie noble Steins\u00e4ule misst ca. 12 x 12 cm und hat eine Gesamtl\u00e4nge von etwa 90 cm.<br \/>\nDa es sich hier um ein Naturprodukt handelt, sieht keine S\u00e4ule wie die andere aus. Auf diese Weise ist ein kunstvolles Objekt mit praktischem Nutzen entstanden, das ein individuelles Aussehen besitzt.<br \/>\nDie eigentliche Leitung ist unsichtbar im Inneren verborgen.<br \/>\nF\u00fcr Standfestigkeit sollte die solide Garten-Wassers\u00e4ule mit einem Gewicht von 28 kg einbetoniert werden.<\/p>\n","protected":false},"excerpt":{"rendered":"<p>Wasserzapfs\u00e4ule aus grauem Granit<\/p>\n<p>Die Vorder- und R\u00fcckseite dieser Naturstein-S\u00e4ule sind gestockt, wodurch eine feinere und ebenm\u00e4ssigere Oberfl\u00e4che geschaffen wurde.<br \/>\nDie Seiten der Granitpalisade sind gespitzt.<\/p>\n<p>Form und Farbe k\u00f6nnen leicht von den Bildern abweichen.<\/p>\n<p>Gewicht der Wasserzapfstele: ca. 28kg<br \/>\nGewicht mit Verpackung: ca 34 kg<\/p>\n<p>Masse: ca. 12 x 12 Gesamtl\u00e4nge: ca. 90 cm<\/p>\n<p><a href=\"https:\/\/www.steinsaeulen.ch\/de\/varianten-wasserzapfsaeulen\/\">Beispiele der verschiedenen Varianten gibt es hier.<\/a><\/p>\n<p><a href=\"https:\/\/www.steinsaeulen.ch\/de\/aufbauanleitung\/\">Link zur Aufbauanleitung<\/a><\/p>\n","protected":false},"featured_media":9397,"template":"","meta":[],"product_brand":[],"product_cat":[24],"product_tag":[],"woo-feed-brand":[],"class_list":{"0":"post-97","1":"product","2":"type-product","3":"status-publish","4":"has-post-thumbnail","6":"product_cat-wasserzapfsaeulen","7":"product_shipping_class-ab-30-kg","8":"pa_stein-granit","9":"pa_steinverarbeitung-gestockt","11":"first","12":"instock","13":"taxable","14":"shipping-taxable","15":"purchasable","16":"product-type-variable","17":"has-default-attributes"},"_links":{"self":[{"href":"https:\/\/www.steinsaeulen.ch\/fr\/wp-json\/wp\/v2\/product\/97","targetHints":{"allow":["GET"]}}],"collection":[{"href":"https:\/\/www.steinsaeulen.ch\/fr\/wp-json\/wp\/v2\/product"}],"about":[{"href":"https:\/\/www.steinsaeulen.ch\/fr\/wp-json\/wp\/v2\/types\/product"}],"wp:featuredmedia":[{"embeddable":true,"href":"https:\/\/www.steinsaeulen.ch\/fr\/wp-json\/wp\/v2\/media\/9397"}],"wp:attachment":[{"href":"https:\/\/www.steinsaeulen.ch\/fr\/wp-json\/wp\/v2\/media?parent=97"}],"wp:term":[{"taxonomy":"product_brand","embeddable":true,"href":"https:\/\/www.steinsaeulen.ch\/fr\/wp-json\/wp\/v2\/product_brand?post=97"},{"taxonomy":"product_cat","embeddable":true,"href":"https:\/\/www.steinsaeulen.ch\/fr\/wp-json\/wp\/v2\/product_cat?post=97"},{"taxonomy":"product_tag","embeddable":true,"href":"https:\/\/www.steinsaeulen.ch\/fr\/wp-json\/wp\/v2\/product_tag?post=97"},{"taxonomy":"woo-feed-brand","embeddable":true,"href":"https:\/\/www.steinsaeulen.ch\/fr\/wp-json\/wp\/v2\/woo-feed-brand?post=97"}],"curies":[{"name":"wp","href":"https:\/\/api.w.org\/{rel}","templated":true}]}}